{"id":111,"date":"2026-02-26T17:04:04","date_gmt":"2026-02-26T16:04:04","guid":{"rendered":"https:\/\/sitoclown.sagregna.it\/?page_id=111"},"modified":"2026-03-25T13:19:14","modified_gmt":"2026-03-25T12:19:14","slug":"progetti","status":"publish","type":"page","link":"https:\/\/sitoclown.sagregna.it\/?page_id=111","title":{"rendered":"Scuole"},"content":{"rendered":"\n<hr class=\"wp-block-separator has-text-color has-luminous-vivid-orange-color has-alpha-channel-opacity has-luminous-vivid-orange-background-color has-background is-style-default\" style=\"margin-top:44px;margin-bottom:44px\"\/>\n\n\n\n<div class=\"wp-block-media-text has-media-on-the-right is-stacked-on-mobile\" style=\"grid-template-columns:auto 51%\"><div class=\"wp-block-media-text__content\">\n<p style=\"margin-top:0;margin-bottom:0;font-size:42px\"><strong><mark style=\"background-color:rgba(0, 0, 0, 0);color:#000000\" class=\"has-inline-color\">Progetto Claunit\u00e0 2025 <\/mark><\/strong><\/p>\n\n\n\n<p class=\"has-large-font-size\" style=\"margin-top:0;margin-bottom:0\"><strong><em><mark style=\"background-color:rgba(0, 0, 0, 0);color:#000000\" class=\"has-inline-color\">ITE Martini<\/mark><\/em><\/strong><\/p>\n<\/div><figure class=\"wp-block-media-text__media\"><img loading=\"lazy\" decoding=\"async\" width=\"1391\" height=\"970\" src=\"https:\/\/sitoclown.sagregna.it\/wp-content\/uploads\/2026\/02\/Elegant-Minimalist-A4-Stationery-Paper-Document.jpg\" alt=\"\" class=\"wp-image-112 size-full\"\/><\/figure><\/div>\n\n\n\n<div class=\"wp-block-group has-global-padding is-layout-constrained wp-container-core-group-is-layout-38ac59cd wp-block-group-is-layout-constrained\">\n<div class=\"wp-block-group has-global-padding is-layout-constrained wp-block-group-is-layout-constrained\">\n<details class=\"wp-block-details alignwide has-small-font-size\" style=\"padding-top:15px;padding-bottom:15px\"><summary><strong><em><mark style=\"background-color:rgba(0, 0, 0, 0);color:#02008c\" class=\"has-inline-color is-layout-flow wp-container-core-details-is-layout-5a34e64b wp-block-details-is-layout-flow\">Un\u2019esperienza che lascia il segno<br><\/mark><\/em><\/strong><mark style=\"background-color:rgba(0, 0, 0, 0);color:#000000\" class=\"has-inline-color\">Ci sono lezioni che non si imparano sui banchi.<br>Dopo gli incontri curati dallo Staff Scuola, i ragazzi delle classi 5A, 5C, 5H E 5F dell&#8217;ITE Martini di Cagliari hanno portato fuori dall\u2019aula ci\u00f2 che i nostri clown hanno cercato di trasmettere: fiducia, empatia, collaborazione.&nbsp;<br>Hanno imparato ad ascoltarsi, a mettersi nei panni dell\u2019altro, a sostenersi. E soprattutto, hanno scoperto quanto sia bello prendersi non troppo sul serio e dare spazio ai sorrisi autentici.<br>Alla casa di riposo Vittorio Emanuele II di Cagliari, affiancati dai nostri instancabili clown, tutto ha preso forma.<br>Per qualche ora, i corridoi si sono riempiti di sorrisi, carezze, racconti condivisi.&nbsp;<br><em>Perch\u00e9 la scuola non \u00e8 solo didattica ma \u00e8 anche un terreno fertile dove seminare empatia, responsabilit\u00e0 e cittadinanza attiva.<\/em><\/mark><\/summary>\n<p><\/p>\n<\/details>\n<\/div>\n<\/div>\n\n\n\n<figure class=\"wp-block-gallery has-nested-images columns-default is-cropped wp-block-gallery-1 is-layout-flex wp-block-gallery-is-layout-flex\"><\/figure>\n\n\n\n<hr class=\"wp-block-separator has-text-color has-luminous-vivid-orange-color has-alpha-channel-opacity has-luminous-vivid-orange-background-color has-background is-style-default\" style=\"margin-top:44px;margin-bottom:44px\"\/>\n\n\n\n<div class=\"wp-block-media-text is-stacked-on-mobile\"><figure class=\"wp-block-media-text__media\"><img loading=\"lazy\" decoding=\"async\" width=\"1920\" height=\"1280\" src=\"https:\/\/sitoclown.sagregna.it\/wp-content\/uploads\/2026\/03\/theresamuth-toys-5993702_1920.jpg\" alt=\"\" class=\"wp-image-381 size-full\"\/><\/figure><div class=\"wp-block-media-text__content\">\n<p class=\"has-text-align-right\" style=\"margin-top:0;margin-bottom:0;font-size:42px\"><strong><mark style=\"background-color:rgba(0, 0, 0, 0);color:#000000\" class=\"has-inline-color\">Progetto Claunit\u00e0 2025<\/mark><\/strong><\/p>\n\n\n\n<p class=\"has-text-align-right has-large-font-size\" style=\"margin-top:0;margin-bottom:0\"><strong><em><mark style=\"background-color:rgba(0, 0, 0, 0);color:#000000\" class=\"has-inline-color\">Pertini<\/mark><\/em><\/strong><\/p>\n\n\n\n<p class=\"has-text-align-center\"><em>In corso&#8230;<\/em><\/p>\n<\/div><\/div>\n","protected":false},"excerpt":{"rendered":"<p>Progetto Claunit\u00e0 2025 ITE Martini Progetto Claunit\u00e0 2025 Pertini In corso&#8230;<\/p>\n","protected":false},"author":3,"featured_media":0,"parent":0,"menu_order":0,"comment_status":"closed","ping_status":"closed","template":"","meta":{"footnotes":""},"class_list":["post-111","page","type-page","status-publish","hentry"],"rttpg_featured_image_url":null,"rttpg_author":{"display_name":"Staff Comunicazione","author_link":"https:\/\/sitoclown.sagregna.it\/?author=3"},"rttpg_comment":0,"rttpg_category":null,"rttpg_excerpt":"Progetto Claunit\u00e0 2025 ITE Martini Progetto Claunit\u00e0 2025 Pertini In corso&#8230;","_links":{"self":[{"href":"https:\/\/sitoclown.sagregna.it\/index.php?rest_route=\/wp\/v2\/pages\/111","targetHints":{"allow":["GET"]}}],"collection":[{"href":"https:\/\/sitoclown.sagregna.it\/index.php?rest_route=\/wp\/v2\/pages"}],"about":[{"href":"https:\/\/sitoclown.sagregna.it\/index.php?rest_route=\/wp\/v2\/types\/page"}],"author":[{"embeddable":true,"href":"https:\/\/sitoclown.sagregna.it\/index.php?rest_route=\/wp\/v2\/users\/3"}],"replies":[{"embeddable":true,"href":"https:\/\/sitoclown.sagregna.it\/index.php?rest_route=%2Fwp%2Fv2%2Fcomments&post=111"}],"version-history":[{"count":7,"href":"https:\/\/sitoclown.sagregna.it\/index.php?rest_route=\/wp\/v2\/pages\/111\/revisions"}],"predecessor-version":[{"id":572,"href":"https:\/\/sitoclown.sagregna.it\/index.php?rest_route=\/wp\/v2\/pages\/111\/revisions\/572"}],"wp:attachment":[{"href":"https:\/\/sitoclown.sagregna.it\/index.php?rest_route=%2Fwp%2Fv2%2Fmedia&parent=111"}],"curies":[{"name":"wp","href":"https:\/\/api.w.org\/{rel}","templated":true}]}}