{"id":173,"date":"2026-02-26T17:03:33","date_gmt":"2026-02-26T16:03:33","guid":{"rendered":"https:\/\/sitoclown.sagregna.it\/?page_id=173"},"modified":"2026-02-27T12:50:36","modified_gmt":"2026-02-27T11:50:36","slug":"sostienici","status":"publish","type":"page","link":"https:\/\/sitoclown.sagregna.it\/?page_id=173","title":{"rendered":"Sostienici"},"content":{"rendered":"\n<h3 class=\"wp-block-heading has-text-align-center\" style=\"border-top-color:var(--wp--preset--color--vivid-red);border-top-width:2px;border-bottom-color:var(--wp--preset--color--vivid-red);border-bottom-width:2px;padding-top:20px;padding-bottom:20px\"><mark style=\"background-color:rgba(0, 0, 0, 0);color:#cf2e2e\" class=\"has-inline-color\"><em>Scegli di aiutare a regalare un sorriso<\/em><\/mark><\/h3>\n\n\n\n<p style=\"margin-top:30px;margin-bottom:0\"><mark style=\"background-color:rgba(0, 0, 0, 0);color:#000000\" class=\"has-inline-color\">La nostra associazione non richiede \u201cgrandi investimenti\u201d, ma annualmente dobbiamo far fronte a tante piccole spese, le principali sono:<\/mark><\/p>\n\n\n\n<ul style=\"margin-top:0;margin-bottom:0\" class=\"wp-block-list\">\n<li><mark style=\"background-color:rgba(0, 0, 0, 0);color:#000000\" class=\"has-inline-color\">Polizza assicurativa<\/mark><\/li>\n\n\n\n<li><mark style=\"background-color:rgba(0, 0, 0, 0);color:#000000\" class=\"has-inline-color\">Spese bancarie e postali<\/mark><\/li>\n\n\n\n<li><mark style=\"background-color:rgba(0, 0, 0, 0);color:#000000\" class=\"has-inline-color\">Spese per l\u2019uso della sala dove teniamo formazioni e corsi<\/mark><\/li>\n\n\n\n<li><mark style=\"background-color:rgba(0, 0, 0, 0);color:#000000\" class=\"has-inline-color\">Alcune spese di viaggio che dobbiamo sostenere per partecipare ad incontri nazionali di formazione e informazione. I clown volontari non ricevono nessun rimborso per prestare il loro servizio di volontariato.<\/mark><\/li>\n\n\n\n<li><mark style=\"background-color:rgba(0, 0, 0, 0);color:#000000\" class=\"has-inline-color\">Spese varie per l\u2019acquisto del materiale (palloncini, bolle, igienizzante mani, ect..) da utilizzare nelle strutture dove prestiamo servizio.&nbsp;<\/mark><\/li>\n<\/ul>\n\n\n\n<div style=\"height:37px\" aria-hidden=\"true\" class=\"wp-block-spacer\"><\/div>\n\n\n\n<p style=\"font-style:normal;font-weight:500\"><mark style=\"background-color:rgba(0, 0, 0, 0);color:#000000\" class=\"has-inline-color\">Puoi sostenere Vip Sardegna ODV in diversi modi:<\/mark><\/p>\n\n\n\n<div class=\"wp-block-columns is-layout-flex wp-container-core-columns-is-layout-28f84493 wp-block-columns-is-layout-flex\">\n<div class=\"wp-block-column is-layout-flow wp-block-column-is-layout-flow\" style=\"flex-basis:33.33%\">\n<p style=\"font-style:normal;font-weight:600\"><mark style=\"background-color:rgba(0, 0, 0, 0);color:#000000\" class=\"has-inline-color\">DONAZIONE LIBERA                             TRAMITE BONIFICO<\/mark><\/p>\n<\/div>\n\n\n\n<div class=\"wp-block-column is-layout-flow wp-block-column-is-layout-flow\" style=\"flex-basis:66.66%\">\n<p><mark style=\"background-color:rgba(0, 0, 0, 0);color:#000000\" class=\"has-inline-color\"><strong>IBAN<\/strong>: IT39L0306909606100000177456                                                                              <strong>Istituto<\/strong>: Intesa San Paolo, Cagliari                                                                                   <\/mark>       <mark style=\"background-color:rgba(0, 0, 0, 0);color:#000000\" class=\"has-inline-color\"><strong>Intestato a<\/strong>: Associazione VIP \u201cVIVIAMO IN POSITIVO\u201d Sardegna ODV  <\/mark><\/p>\n<\/div>\n<\/div>\n\n\n\n<hr class=\"wp-block-separator has-text-color has-vivid-red-color has-alpha-channel-opacity has-vivid-red-background-color has-background is-style-wide\" style=\"margin-top:35px;margin-bottom:35px\"\/>\n\n\n\n<div class=\"wp-block-columns is-layout-flex wp-container-core-columns-is-layout-28f84493 wp-block-columns-is-layout-flex\">\n<div class=\"wp-block-column is-layout-flow wp-block-column-is-layout-flow\" style=\"flex-basis:33.33%\">\n<p style=\"font-style:normal;font-weight:600\"><mark style=\"background-color:rgba(0, 0, 0, 0);color:#000000\" class=\"has-inline-color\">DONA IL 5X1000<\/mark><\/p>\n<\/div>\n\n\n\n<div class=\"wp-block-column is-layout-flow wp-block-column-is-layout-flow\" style=\"flex-basis:66.66%\">\n<p><mark style=\"background-color:rgba(0, 0, 0, 0);color:#000000\" class=\"has-inline-color\">Basta un piccolo gesto per fare la differenza! Indica il nostro codice fiscale nell&#8217;apposita sezione presente nella Dichiarazione dei redditi.                                                                                                     Il codice fiscale di Vip Sardegna ODV \u00e8  <strong>91016430927<\/strong><\/mark>.<\/p>\n\n\n\n<p><strong><em><a href=\"https:\/\/sitoclown.sagregna.it\/?page_id=66\" data-type=\"page\" data-id=\"66\"><mark style=\"background-color:rgba(0, 0, 0, 0);color:#cf2e2e\" class=\"has-inline-color\">Scopri di pi\u00f9 \u2192<\/mark><\/a><\/em><\/strong><\/p>\n<\/div>\n<\/div>\n\n\n\n<hr class=\"wp-block-separator has-text-color has-vivid-red-color has-alpha-channel-opacity has-vivid-red-background-color has-background is-style-wide\" style=\"margin-top:35px;margin-bottom:35px\"\/>\n\n\n\n<div class=\"wp-block-columns is-layout-flex wp-container-core-columns-is-layout-28f84493 wp-block-columns-is-layout-flex\">\n<div class=\"wp-block-column is-layout-flow wp-block-column-is-layout-flow\" style=\"flex-basis:33.33%\">\n<p style=\"font-style:normal;font-weight:600\"><mark style=\"background-color:rgba(0, 0, 0, 0);color:#000000\" class=\"has-inline-color\">BOMBONIERE SOLIDALI<\/mark><\/p>\n<\/div>\n\n\n\n<div class=\"wp-block-column is-layout-flow wp-block-column-is-layout-flow\" style=\"flex-basis:66.66%\">\n<p><mark style=\"background-color:rgba(0, 0, 0, 0);color:#000000\" class=\"has-inline-color\">Scegli le nostre bomboniere per le occasioni importanti della tua vita! Sono semplici, realizzate con cura e amore dalle mani dei nostri volontari.<\/mark><\/p>\n\n\n\n<p><strong><em><a href=\"https:\/\/sitoclown.sagregna.it\/?page_id=67\" data-type=\"page\" data-id=\"67\"><mark style=\"background-color:rgba(0, 0, 0, 0);color:#cf2e2e\" class=\"has-inline-color\">Scopri di pi\u00f9 \u2192<\/mark><\/a><\/em><\/strong><\/p>\n<\/div>\n<\/div>\n\n\n\n<hr class=\"wp-block-separator has-text-color has-vivid-red-color has-alpha-channel-opacity has-vivid-red-background-color has-background is-style-wide\" style=\"margin-top:35px;margin-bottom:35px\"\/>\n\n\n\n<div class=\"wp-block-columns is-layout-flex wp-container-core-columns-is-layout-28f84493 wp-block-columns-is-layout-flex\">\n<div class=\"wp-block-column is-layout-flow wp-block-column-is-layout-flow\" style=\"flex-basis:33.33%\">\n<p style=\"font-style:normal;font-weight:600\"><mark style=\"background-color:rgba(0, 0, 0, 0);color:#000000\" class=\"has-inline-color\">PARTECIPA ALLA                                            GIORNATA DEL NASO ROSSO<\/mark><\/p>\n<\/div>\n\n\n\n<div class=\"wp-block-column is-layout-flow wp-block-column-is-layout-flow\" style=\"flex-basis:66.66%\">\n<p style=\"margin-top:0;margin-bottom:20px\"><mark style=\"background-color:rgba(0, 0, 0, 0);color:#000000\" class=\"has-inline-color\">La Giornata del Naso Rosso (GNR) \u00e8 l&#8217;unica occasione in cui la nostra associazione pu\u00f2 raccogliere fondi per finanziare attivit\u00e0 e progetti. Vieni a trovarci, scoprirai cosa significa per noi &#8220;Vivere In Positivo&#8221; e come svolgiamo il nostro servizio di volontariato come clown sociali!<\/mark><\/p>\n\n\n\n<p style=\"margin-top:0;margin-bottom:0\"><strong><em><a href=\"https:\/\/sitoclown.sagregna.it\/?page_id=174\" data-type=\"page\" data-id=\"174\"><mark style=\"background-color:rgba(0, 0, 0, 0);color:#cf2e2e\" class=\"has-inline-color\">Scopri di pi\u00f9 \u2192<\/mark><\/a><\/em><\/strong><\/p>\n<\/div>\n<\/div>\n\n\n\n<div style=\"height:102px\" aria-hidden=\"true\" class=\"wp-block-spacer\"><\/div>\n\n\n\n<p class=\"has-text-align-center\"><mark style=\"background-color:rgba(0, 0, 0, 0);color:#000000\" class=\"has-inline-color\"><strong>Ricordiamo che i Clown di Vip Sardegna NON CHIEDONO MAI offerte o denaro.\u00a0<\/strong><br>Invitiamo a segnalare alle forze di polizia e al personale sanitario individui che richiedo offerte, denaro o si propongono per servizi a \u201cdomicilio\u201d.<\/mark><\/p>\n","protected":false},"excerpt":{"rendered":"<p>Scegli di aiutare a regalare un sorriso La nostra associazione non richiede \u201cgrandi investimenti\u201d, ma annualmente dobbiamo far fronte a tante piccole spese, le principali sono: Puoi sostenere Vip Sardegna ODV in diversi modi: DONAZIONE LIBERA TRAMITE BONIFICO IBAN: IT39L0306909606100000177456 Istituto: Intesa San Paolo, Cagliari Intestato a: Associazione VIP \u201cVIVIAMO IN POSITIVO\u201d Sardegna ODV DONA [&hellip;]<\/p>\n","protected":false},"author":3,"featured_media":0,"parent":0,"menu_order":0,"comment_status":"closed","ping_status":"closed","template":"","meta":{"footnotes":""},"class_list":["post-173","page","type-page","status-publish","hentry"],"rttpg_featured_image_url":null,"rttpg_author":{"display_name":"Staff Comunicazione","author_link":"https:\/\/sitoclown.sagregna.it\/?author=3"},"rttpg_comment":0,"rttpg_category":null,"rttpg_excerpt":"Scegli di aiutare a regalare un sorriso La nostra associazione non richiede \u201cgrandi investimenti\u201d, ma annualmente dobbiamo far fronte a tante piccole spese, le principali sono: Puoi sostenere Vip Sardegna ODV in diversi modi: DONAZIONE LIBERA TRAMITE BONIFICO IBAN: IT39L0306909606100000177456 Istituto: Intesa San Paolo, Cagliari Intestato a: Associazione VIP \u201cVIVIAMO IN POSITIVO\u201d Sardegna ODV DONA&hellip;","_links":{"self":[{"href":"https:\/\/sitoclown.sagregna.it\/index.php?rest_route=\/wp\/v2\/pages\/173","targetHints":{"allow":["GET"]}}],"collection":[{"href":"https:\/\/sitoclown.sagregna.it\/index.php?rest_route=\/wp\/v2\/pages"}],"about":[{"href":"https:\/\/sitoclown.sagregna.it\/index.php?rest_route=\/wp\/v2\/types\/page"}],"author":[{"embeddable":true,"href":"https:\/\/sitoclown.sagregna.it\/index.php?rest_route=\/wp\/v2\/users\/3"}],"replies":[{"embeddable":true,"href":"https:\/\/sitoclown.sagregna.it\/index.php?rest_route=%2Fwp%2Fv2%2Fcomments&post=173"}],"version-history":[{"count":6,"href":"https:\/\/sitoclown.sagregna.it\/index.php?rest_route=\/wp\/v2\/pages\/173\/revisions"}],"predecessor-version":[{"id":328,"href":"https:\/\/sitoclown.sagregna.it\/index.php?rest_route=\/wp\/v2\/pages\/173\/revisions\/328"}],"wp:attachment":[{"href":"https:\/\/sitoclown.sagregna.it\/index.php?rest_route=%2Fwp%2Fv2%2Fmedia&parent=173"}],"curies":[{"name":"wp","href":"https:\/\/api.w.org\/{rel}","templated":true}]}}