{"id":67,"date":"2026-02-26T17:04:20","date_gmt":"2026-02-26T16:04:20","guid":{"rendered":"https:\/\/sitoclown.sagregna.it\/?page_id=67"},"modified":"2026-03-04T17:45:03","modified_gmt":"2026-03-04T16:45:03","slug":"bomboniere-solidali","status":"publish","type":"page","link":"https:\/\/sitoclown.sagregna.it\/?page_id=67","title":{"rendered":"Bomboniere solidali"},"content":{"rendered":"\n<h3 class=\"wp-block-heading has-text-align-center\" style=\"margin-top:47px;margin-bottom:47px;font-style:italic;font-weight:500\"><mark style=\"background-color:rgba(0, 0, 0, 0);color:#cf2e2e\" class=\"has-inline-color\">Cerchi un&#8217;idea originale e piena d&#8217;amore per la tua cerimonia?<\/mark><\/h3>\n\n\n\n<p class=\"has-text-align-center has-medium-font-size\" style=\"margin-bottom:11px;line-height:2\"><mark style=\"background-color:rgba(0, 0, 0, 0);color:#000000\" class=\"has-inline-color\">Scegli le nostre <strong>bomboniere solidali<\/strong>, confezionate a mano e con cura dai nostri clown volontari!<\/mark><\/p>\n\n\n\n<p class=\"has-text-align-center has-medium-font-size\" style=\"margin-bottom:11px;line-height:2\"><mark style=\"background-color:rgba(0, 0, 0, 0);color:#000000\" class=\"has-inline-color\">Ogni bomboniera non \u00e8 solo un oggetto grazioso, ma un <strong>gesto concreto di solidariet\u00e0<\/strong> per sostenere la Clownterapia e supportare le nostre attivit\u00e0 di volontariato in ospedale, case di riposo, scuole, missioni e ovunque serva un sorriso!<\/mark><\/p>\n\n\n\n<p class=\"has-text-align-center has-medium-font-size\" style=\"margin-top:38px;margin-bottom:57px\"><strong><mark style=\"background-color:rgba(0, 0, 0, 0);color:#cf2e2e\" class=\"has-inline-color\">Rendi ancora pi\u00f9 speciale il tuo evento!<\/mark><\/strong><\/p>\n\n\n\n<figure class=\"wp-block-gallery aligncenter has-nested-images columns-4 is-cropped wp-block-gallery-1 is-layout-flex wp-block-gallery-is-layout-flex\">\n<figure class=\"wp-block-image size-large\"><img loading=\"lazy\" decoding=\"async\" width=\"2048\" height=\"2048\" data-id=\"408\" src=\"https:\/\/sitoclown.sagregna.it\/wp-content\/uploads\/2026\/03\/3.png\" alt=\"\" class=\"wp-image-408\"\/><\/figure>\n\n\n\n<figure class=\"wp-block-image size-large\"><img loading=\"lazy\" decoding=\"async\" width=\"1200\" height=\"1200\" data-id=\"413\" src=\"https:\/\/sitoclown.sagregna.it\/wp-content\/uploads\/2026\/03\/6.jpg\" alt=\"\" class=\"wp-image-413\"\/><\/figure>\n\n\n\n<figure class=\"wp-block-image size-large\"><img loading=\"lazy\" decoding=\"async\" width=\"1200\" height=\"1200\" data-id=\"415\" src=\"https:\/\/sitoclown.sagregna.it\/wp-content\/uploads\/2026\/03\/8.jpg\" alt=\"\" class=\"wp-image-415\"\/><\/figure>\n\n\n\n<figure class=\"wp-block-image size-large\"><img loading=\"lazy\" decoding=\"async\" width=\"1200\" height=\"1200\" data-id=\"414\" src=\"https:\/\/sitoclown.sagregna.it\/wp-content\/uploads\/2026\/03\/7.jpg\" alt=\"\" class=\"wp-image-414\"\/><\/figure>\n\n\n\n<figure class=\"wp-block-image size-large\"><img loading=\"lazy\" decoding=\"async\" width=\"1200\" height=\"1200\" data-id=\"410\" src=\"https:\/\/sitoclown.sagregna.it\/wp-content\/uploads\/2026\/03\/2-bis.jpg\" alt=\"\" class=\"wp-image-410\"\/><\/figure>\n\n\n\n<figure class=\"wp-block-image size-large\"><img loading=\"lazy\" decoding=\"async\" width=\"1200\" height=\"1200\" data-id=\"411\" src=\"https:\/\/sitoclown.sagregna.it\/wp-content\/uploads\/2026\/03\/4.jpg\" alt=\"\" class=\"wp-image-411\"\/><\/figure>\n\n\n\n<figure class=\"wp-block-image size-large\"><img loading=\"lazy\" decoding=\"async\" width=\"1200\" height=\"1200\" data-id=\"412\" src=\"https:\/\/sitoclown.sagregna.it\/wp-content\/uploads\/2026\/03\/5.jpg\" alt=\"\" class=\"wp-image-412\"\/><\/figure>\n\n\n\n<figure class=\"wp-block-image size-large\"><img loading=\"lazy\" decoding=\"async\" width=\"1200\" height=\"1200\" data-id=\"416\" src=\"https:\/\/sitoclown.sagregna.it\/wp-content\/uploads\/2026\/03\/9.jpg\" alt=\"\" class=\"wp-image-416\"\/><\/figure>\n<\/figure>\n\n\n\n<div style=\"height:55px\" aria-hidden=\"true\" class=\"wp-block-spacer\"><\/div>\n\n\n\n<hr class=\"wp-block-separator has-text-color has-vivid-red-color has-alpha-channel-opacity has-vivid-red-background-color has-background is-style-default\"\/>\n\n\n\n<p style=\"margin-top:29px;margin-bottom:29px\"><mark style=\"background-color:rgba(0, 0, 0, 0);color:#000000\" class=\"has-inline-color\">Contattaci per saperne di pi\u00f9 attraverso il modulo qui sotto:<\/mark><\/p>\n\n\n<div class=\"forminator-ui forminator-custom-form forminator-custom-form-300 forminator-design--default  forminator_ajax\" data-forminator-render=\"0\" data-form=\"forminator-module-300\" data-uid=\"69d5e378d6b6e\"><br\/><\/div><form\n\t\t\t\tid=\"forminator-module-300\"\n\t\t\t\tclass=\"forminator-ui forminator-custom-form forminator-custom-form-300 forminator-design--default  forminator_ajax\"\n\t\t\t\tmethod=\"post\"\n\t\t\t\tdata-forminator-render=\"0\"\n\t\t\t\tdata-form-id=\"300\"\n\t\t\t\t data-color-option=\"theme\" data-design=\"default\" data-grid=\"open\" style=\"display: none;\"\n\t\t\t\tdata-uid=\"69d5e378d6b6e\"\n\t\t\t><div role=\"alert\" aria-live=\"polite\" class=\"forminator-response-message forminator-error\" aria-hidden=\"true\"><\/div><div class=\"forminator-row\"><div id=\"name-2\" class=\"forminator-field-name forminator-col forminator-col-12 \"><div class=\"forminator-field\"><label for=\"forminator-field-name-2_69d5e378d6b6e\" id=\"forminator-field-name-2_69d5e378d6b6e-label\" class=\"forminator-label\">Nome <span class=\"forminator-required\">*<\/span><\/label><input type=\"text\" name=\"name-2\" value=\"\" placeholder=\"\" id=\"forminator-field-name-2_69d5e378d6b6e\" class=\"forminator-input forminator-name--field\" aria-required=\"true\" autocomplete=\"name\" \/><\/div><\/div><\/div><div class=\"forminator-row\"><div id=\"name-1\" class=\"forminator-field-name forminator-col forminator-col-12 \"><div class=\"forminator-field\"><label for=\"forminator-field-name-1_69d5e378d6b6e\" id=\"forminator-field-name-1_69d5e378d6b6e-label\" class=\"forminator-label\">Cognome <span class=\"forminator-required\">*<\/span><\/label><input type=\"text\" name=\"name-1\" value=\"\" placeholder=\"\" id=\"forminator-field-name-1_69d5e378d6b6e\" class=\"forminator-input forminator-name--field\" aria-required=\"true\" autocomplete=\"name\" \/><\/div><\/div><\/div><div class=\"forminator-row\"><div id=\"email-1\" class=\"forminator-field-email forminator-col forminator-col-12 \"><div class=\"forminator-field\"><label for=\"forminator-field-email-1_69d5e378d6b6e\" id=\"forminator-field-email-1_69d5e378d6b6e-label\" class=\"forminator-label\">Email <span class=\"forminator-required\">*<\/span><\/label><input type=\"email\" name=\"email-1\" value=\"\" placeholder=\"\" id=\"forminator-field-email-1_69d5e378d6b6e\" class=\"forminator-input forminator-email--field\" data-required=\"true\" aria-required=\"true\" autocomplete=\"email\" \/><\/div><\/div><\/div><div class=\"forminator-row\"><div id=\"phone-1\" class=\"forminator-field-phone forminator-col forminator-col-12 \"><div class=\"forminator-field\"><label for=\"forminator-field-phone-1_69d5e378d6b6e\" id=\"forminator-field-phone-1_69d5e378d6b6e-label\" class=\"forminator-label\">Numero di telefono<\/label><input type=\"text\" name=\"phone-1\" value=\"\" placeholder=\"\" id=\"forminator-field-phone-1_69d5e378d6b6e\" class=\"forminator-input forminator-field--phone\" data-required=\"\" aria-required=\"false\" autocomplete=\"off\" \/><\/div><\/div><\/div><div class=\"forminator-row\"><div id=\"textarea-1\" class=\"forminator-field-textarea forminator-col forminator-col-12 \"><div class=\"forminator-field\"><label for=\"forminator-field-textarea-1_69d5e378d6b6e\" id=\"forminator-field-textarea-1_69d5e378d6b6e-label\" class=\"forminator-label\">Richiesta<\/label><span id=\"forminator-field-textarea-1_69d5e378d6b6e-description\" class=\"forminator-description\"><span data-limit=\"180\" data-type=\"characters\" data-editor=\"\">0 \/ 180<\/span><\/span><textarea name=\"textarea-1\" placeholder=\"\" id=\"forminator-field-textarea-1_69d5e378d6b6e\" class=\"forminator-textarea\" rows=\"6\" style=\"min-height:140px;\" maxlength=\"180\" ><\/textarea><\/div><\/div><\/div><input type=\"hidden\" name=\"referer_url\" value=\"\" \/><div class=\"forminator-row forminator-row-last\"><div class=\"forminator-col\"><div class=\"forminator-field\"><button class=\"forminator-button forminator-button-submit\">Submit<\/button><\/div><\/div><\/div><input type=\"hidden\" id=\"forminator_nonce\" name=\"forminator_nonce\" value=\"4a0aeff1c8\" \/><input type=\"hidden\" name=\"_wp_http_referer\" value=\"\/index.php?rest_route=%2Fwp%2Fv2%2Fpages%2F67\" \/><input type=\"hidden\" name=\"form_id\" value=\"300\"><input type=\"hidden\" name=\"page_id\" value=\"67\"><input type=\"hidden\" name=\"form_type\" value=\"default\"><input type=\"hidden\" name=\"current_url\" value=\"https:\/\/sitoclown.sagregna.it\/?page_id=67\"><input type=\"hidden\" name=\"render_id\" value=\"0\"><input type=\"hidden\" name=\"action\" value=\"forminator_submit_form_custom-forms\"><\/form>\n","protected":false},"excerpt":{"rendered":"<p>Cerchi un&#8217;idea originale e piena d&#8217;amore per la tua cerimonia? Scegli le nostre bomboniere solidali, confezionate a mano e con cura dai nostri clown volontari! Ogni bomboniera non \u00e8 solo un oggetto grazioso, ma un gesto concreto di solidariet\u00e0 per sostenere la Clownterapia e supportare le nostre attivit\u00e0 di volontariato in ospedale, case di riposo, [&hellip;]<\/p>\n","protected":false},"author":1,"featured_media":406,"parent":0,"menu_order":0,"comment_status":"closed","ping_status":"closed","template":"","meta":{"footnotes":""},"class_list":["post-67","page","type-page","status-publish","has-post-thumbnail","hentry"],"rttpg_featured_image_url":{"full":["https:\/\/sitoclown.sagregna.it\/wp-content\/uploads\/2026\/03\/Bomboniere-copertina-no-logo.jpg",2048,1365,false],"landscape":["https:\/\/sitoclown.sagregna.it\/wp-content\/uploads\/2026\/03\/Bomboniere-copertina-no-logo.jpg",2048,1365,false],"portraits":["https:\/\/sitoclown.sagregna.it\/wp-content\/uploads\/2026\/03\/Bomboniere-copertina-no-logo.jpg",2048,1365,false],"thumbnail":["https:\/\/sitoclown.sagregna.it\/wp-content\/uploads\/2026\/03\/Bomboniere-copertina-no-logo.jpg",150,100,false],"medium":["https:\/\/sitoclown.sagregna.it\/wp-content\/uploads\/2026\/03\/Bomboniere-copertina-no-logo.jpg",2048,1365,false],"large":["https:\/\/sitoclown.sagregna.it\/wp-content\/uploads\/2026\/03\/Bomboniere-copertina-no-logo.jpg",2048,1365,false],"1536x1536":["https:\/\/sitoclown.sagregna.it\/wp-content\/uploads\/2026\/03\/Bomboniere-copertina-no-logo.jpg",1536,1024,false],"2048x2048":["https:\/\/sitoclown.sagregna.it\/wp-content\/uploads\/2026\/03\/Bomboniere-copertina-no-logo.jpg",2048,1365,false]},"rttpg_author":{"display_name":"admin","author_link":"https:\/\/sitoclown.sagregna.it\/?author=1"},"rttpg_comment":0,"rttpg_category":null,"rttpg_excerpt":"Cerchi un&#8217;idea originale e piena d&#8217;amore per la tua cerimonia? Scegli le nostre bomboniere solidali, confezionate a mano e con cura dai nostri clown volontari! Ogni bomboniera non \u00e8 solo un oggetto grazioso, ma un gesto concreto di solidariet\u00e0 per sostenere la Clownterapia e supportare le nostre attivit\u00e0 di volontariato in ospedale, case di riposo,&hellip;","_links":{"self":[{"href":"https:\/\/sitoclown.sagregna.it\/index.php?rest_route=\/wp\/v2\/pages\/67","targetHints":{"allow":["GET"]}}],"collection":[{"href":"https:\/\/sitoclown.sagregna.it\/index.php?rest_route=\/wp\/v2\/pages"}],"about":[{"href":"https:\/\/sitoclown.sagregna.it\/index.php?rest_route=\/wp\/v2\/types\/page"}],"author":[{"embeddable":true,"href":"https:\/\/sitoclown.sagregna.it\/index.php?rest_route=\/wp\/v2\/users\/1"}],"replies":[{"embeddable":true,"href":"https:\/\/sitoclown.sagregna.it\/index.php?rest_route=%2Fwp%2Fv2%2Fcomments&post=67"}],"version-history":[{"count":5,"href":"https:\/\/sitoclown.sagregna.it\/index.php?rest_route=\/wp\/v2\/pages\/67\/revisions"}],"predecessor-version":[{"id":420,"href":"https:\/\/sitoclown.sagregna.it\/index.php?rest_route=\/wp\/v2\/pages\/67\/revisions\/420"}],"wp:featuredmedia":[{"embeddable":true,"href":"https:\/\/sitoclown.sagregna.it\/index.php?rest_route=\/wp\/v2\/media\/406"}],"wp:attachment":[{"href":"https:\/\/sitoclown.sagregna.it\/index.php?rest_route=%2Fwp%2Fv2%2Fmedia&parent=67"}],"curies":[{"name":"wp","href":"https:\/\/api.w.org\/{rel}","templated":true}]}}